{"id":231,"date":"2024-05-20T07:54:36","date_gmt":"2024-05-20T05:54:36","guid":{"rendered":"https:\/\/demosites.royal-elementor-addons.com\/graphic-nature-v1\/?page_id=7"},"modified":"2025-06-30T20:04:52","modified_gmt":"2025-06-30T18:04:52","slug":"home-graphic-nature-v1","status":"publish","type":"page","link":"https:\/\/www.abcservis.sk\/wp\/","title":{"rendered":"Home"},"content":{"rendered":"\t\t<div data-elementor-type=\"wp-page\" data-elementor-id=\"231\" class=\"elementor elementor-231\">\n\t\t\t\t<div class=\"elementor-element elementor-element-3083d6f e-flex e-con-boxed wpr-jarallax-no wpr-parallax-no wpr-sticky-section-no e-con e-parent\" data-id=\"3083d6f\" data-element_type=\"container\" data-settings=\"{&quot;background_background&quot;:&quot;classic&quot;}\">\n\t\t\t\t\t<div class=\"e-con-inner\">\n\t\t\t\t<div class=\"elementor-element elementor-element-297221e wpr-advanced-text-style-animated wpr-fancy-text-typing wpr-animated-text-infinite-yes elementor-invisible elementor-widget elementor-widget-wpr-advanced-text\" data-id=\"297221e\" data-element_type=\"widget\" data-settings=\"{&quot;_animation&quot;:&quot;zoomIn&quot;,&quot;anim_loop&quot;:&quot;yes&quot;}\" data-widget_type=\"wpr-advanced-text.default\">\n\t\t\t\t<div class=\"elementor-widget-container\">\n\t\t\t\t\t\n\t\t<h1 class=\"wpr-advanced-text\">\n\n\t\t\t\t\t\n\t\t\t\n\t\t<span class=\"wpr-anim-text wpr-anim-text-type-typing wpr-anim-text-letters\" data-anim-duration=\"200,2000\" data-anim-loop=\"yes\">\n\t\t\t<span class=\"wpr-anim-text-inner\">\n\t\t\t\t\t\t\t\t\t<b>ABCservis s.r.o.<\/b>\n\t\t\t\t\t\t\t<\/span>\n\t\t\t\t\t<\/span>\n\n\t\t\t\t\n\t\t<\/h1>\n\t\t\n\t\t\t\t\t\t<\/div>\n\t\t\t\t<\/div>\n\t\t\t\t\t<\/div>\n\t\t\t\t<\/div>\n\t\t<div class=\"elementor-element elementor-element-37d657e e-flex e-con-boxed wpr-particle-no wpr-jarallax-no wpr-parallax-no wpr-sticky-section-no e-con e-parent\" data-id=\"37d657e\" data-element_type=\"container\">\n\t\t\t\t\t<div class=\"e-con-inner\">\n\t\t<div class=\"elementor-element elementor-element-e5b3b11 e-con-full e-flex wpr-particle-no wpr-jarallax-no wpr-parallax-no wpr-sticky-section-no elementor-invisible e-con e-child\" data-id=\"e5b3b11\" data-element_type=\"container\" data-settings=\"{&quot;animation&quot;:&quot;slideInLeft&quot;}\">\n\t\t\t\t<div class=\"elementor-element elementor-element-71bb8a7 elementor-widget elementor-widget-image\" data-id=\"71bb8a7\" data-element_type=\"widget\" data-widget_type=\"image.default\">\n\t\t\t\t<div class=\"elementor-widget-container\">\n\t\t\t\t\t\t\t\t\t\t\t\t\t\t\t<img fetchpriority=\"high\" decoding=\"async\" width=\"960\" height=\"960\" src=\"https:\/\/www.abcservis.sk\/wp\/wp-content\/uploads\/2025\/06\/20250628-181358-Gemini_Generated_Image_yv88iyv88iyv88iy-1024x1024.png\" class=\"attachment-large size-large wp-image-252\" alt=\"\" srcset=\"https:\/\/www.abcservis.sk\/wp\/wp-content\/uploads\/2025\/06\/20250628-181358-Gemini_Generated_Image_yv88iyv88iyv88iy-1024x1024.png 1024w, https:\/\/www.abcservis.sk\/wp\/wp-content\/uploads\/2025\/06\/20250628-181358-Gemini_Generated_Image_yv88iyv88iyv88iy-300x300.png 300w, https:\/\/www.abcservis.sk\/wp\/wp-content\/uploads\/2025\/06\/20250628-181358-Gemini_Generated_Image_yv88iyv88iyv88iy-150x150.png 150w, https:\/\/www.abcservis.sk\/wp\/wp-content\/uploads\/2025\/06\/20250628-181358-Gemini_Generated_Image_yv88iyv88iyv88iy-768x768.png 768w, https:\/\/www.abcservis.sk\/wp\/wp-content\/uploads\/2025\/06\/20250628-181358-Gemini_Generated_Image_yv88iyv88iyv88iy-1536x1536.png 1536w, https:\/\/www.abcservis.sk\/wp\/wp-content\/uploads\/2025\/06\/20250628-181358-Gemini_Generated_Image_yv88iyv88iyv88iy.png 2048w\" sizes=\"(max-width: 960px) 100vw, 960px\" \/>\t\t\t\t\t\t\t\t\t\t\t\t\t\t\t<\/div>\n\t\t\t\t<\/div>\n\t\t\t\t<\/div>\n\t\t<div class=\"elementor-element elementor-element-9af76c6 e-con-full e-flex wpr-particle-no wpr-jarallax-no wpr-parallax-no wpr-sticky-section-no elementor-invisible e-con e-child\" data-id=\"9af76c6\" data-element_type=\"container\" data-settings=\"{&quot;animation&quot;:&quot;slideInRight&quot;}\">\n\t\t\t\t<div class=\"elementor-element elementor-element-0a6b97f elementor-widget elementor-widget-heading\" data-id=\"0a6b97f\" data-element_type=\"widget\" data-widget_type=\"heading.default\">\n\t\t\t\t<div class=\"elementor-widget-container\">\n\t\t\t\t\t<h2 class=\"elementor-heading-title elementor-size-default\">Na\u0161a ponuka<\/h2>\t\t\t\t<\/div>\n\t\t\t\t<\/div>\n\t\t\t\t<div class=\"elementor-element elementor-element-e34f37e elementor-widget elementor-widget-text-editor\" data-id=\"e34f37e\" data-element_type=\"widget\" data-widget_type=\"text-editor.default\">\n\t\t\t\t<div class=\"elementor-widget-container\">\n\t\t\t\t\t\t\t\t\t<ul><li>asfalty ru\u010dn\u00e1 pokl\u00e1dka<\/li><li>opravy parkov\u00edsk\u00a0 povrchov<\/li><li>vyspr\u00e1vky<\/li><li>v\u00fdtlky na cest\u00e1ch<\/li><li>opravy v\u00fdtlkov<\/li><li>rezanie \u0161p\u00e1r<\/li><li>fr\u00e9zovanie a zalievanie dilata\u010dn\u00fdch \u0161p\u00e1r<\/li><li>zalievanie praskl\u00edn v asfalte<\/li><li>zalievanie bet\u00f3nov\u00fdch \u0161p\u00e1r<\/li><li>opravy v\u00fd\u0161ky kanaliza\u010dn\u00fdch poklopov a vpust\u00ed<\/li><li>predaj z\u00e1lievok<\/li><li>predaj z\u00e1lievkov\u00fdch materi\u00e1lov<\/li><li>rezanie asfaltu<\/li><li>rezanie bet\u00f3nu<\/li><li>n\u00e1kladn\u00e1 autodoprava s hydraulicou rukou<\/li><li>doprava do 1,5 t s vykl\u00e1pa\u010dom<\/li><\/ul>\t\t\t\t\t\t\t\t<\/div>\n\t\t\t\t<\/div>\n\t\t\t\t<\/div>\n\t\t\t\t\t<\/div>\n\t\t\t\t<\/div>\n\t\t<div class=\"elementor-element elementor-element-bf10859 e-flex e-con-boxed wpr-particle-no wpr-jarallax-no wpr-parallax-no wpr-sticky-section-no e-con e-parent\" data-id=\"bf10859\" data-element_type=\"container\">\n\t\t\t\t\t<div class=\"e-con-inner\">\n\t\t<div class=\"elementor-element elementor-element-c9ebfba e-con-full e-flex wpr-particle-no wpr-jarallax-no wpr-parallax-no wpr-sticky-section-no e-con e-child\" data-id=\"c9ebfba\" data-element_type=\"container\" data-settings=\"{&quot;animation&quot;:&quot;none&quot;}\">\n\t\t\t\t<div class=\"elementor-element elementor-element-9114be2 elementor-widget elementor-widget-text-editor\" data-id=\"9114be2\" data-element_type=\"widget\" data-widget_type=\"text-editor.default\">\n\t\t\t\t<div class=\"elementor-widget-container\">\n\t\t\t\t\t\t\t\t\t<ul><li>predaj \u0161trkov<\/li><li>predaj pieskov<\/li><li>predaj homoku \u00a0<\/li><li>b\u00faracie pr\u00e1ce<\/li><li>v\u00fdkopov\u00e9 pr\u00e1ce s bagrom Kubota KX41, z\u00e1klady, odvod\u0148ovacie r\u00fdhy&#8230;.<\/li><li>zemn\u00e9\u00a0 pr\u00e1ce v\u00fdkopy kanaliz\u00e1cie<\/li><li>predaj dunajsk\u00e9ho \u0161trku<\/li><li>zemn\u00e9 pretlaky s pneumatick\u00fdm kladivom do 100 mm<\/li><li>neriaden\u00fd pretlak<\/li><li>pretlaky popod cesty a chodn\u00edky \u2013<\/li><li>penetra\u010dn\u00e9 n\u00e1tery<\/li><li>predaj posypovej\u00a0 soli<\/li><li>pokl\u00e1dka obrubn\u00edkov<\/li><li>pr\u00e1ce so \u0161mykov\u00fdm naklada\u010dom<\/li><\/ul>\t\t\t\t\t\t\t\t<\/div>\n\t\t\t\t<\/div>\n\t\t\t\t<\/div>\n\t\t<div class=\"elementor-element elementor-element-b3cd2e1 e-flex e-con-boxed wpr-particle-no wpr-jarallax-no wpr-parallax-no wpr-sticky-section-no elementor-invisible e-con e-child\" data-id=\"b3cd2e1\" data-element_type=\"container\" data-settings=\"{&quot;animation&quot;:&quot;slideInRight&quot;}\">\n\t\t\t\t\t<div class=\"e-con-inner\">\n\t\t\t\t<div class=\"elementor-element elementor-element-a122629 elementor-widget elementor-widget-image\" data-id=\"a122629\" data-element_type=\"widget\" data-widget_type=\"image.default\">\n\t\t\t\t<div class=\"elementor-widget-container\">\n\t\t\t\t\t\t\t\t\t\t\t\t\t\t\t<img decoding=\"async\" width=\"960\" height=\"960\" src=\"https:\/\/www.abcservis.sk\/wp\/wp-content\/uploads\/2025\/06\/20250628-192607-Gemini_Generated_Image_nrr0vnnrr0vnnrr0-1024x1024.png\" class=\"attachment-large size-large wp-image-257\" alt=\"\" srcset=\"https:\/\/www.abcservis.sk\/wp\/wp-content\/uploads\/2025\/06\/20250628-192607-Gemini_Generated_Image_nrr0vnnrr0vnnrr0-1024x1024.png 1024w, https:\/\/www.abcservis.sk\/wp\/wp-content\/uploads\/2025\/06\/20250628-192607-Gemini_Generated_Image_nrr0vnnrr0vnnrr0-300x300.png 300w, https:\/\/www.abcservis.sk\/wp\/wp-content\/uploads\/2025\/06\/20250628-192607-Gemini_Generated_Image_nrr0vnnrr0vnnrr0-150x150.png 150w, https:\/\/www.abcservis.sk\/wp\/wp-content\/uploads\/2025\/06\/20250628-192607-Gemini_Generated_Image_nrr0vnnrr0vnnrr0-768x768.png 768w, https:\/\/www.abcservis.sk\/wp\/wp-content\/uploads\/2025\/06\/20250628-192607-Gemini_Generated_Image_nrr0vnnrr0vnnrr0-1536x1536.png 1536w, https:\/\/www.abcservis.sk\/wp\/wp-content\/uploads\/2025\/06\/20250628-192607-Gemini_Generated_Image_nrr0vnnrr0vnnrr0.png 2048w\" sizes=\"(max-width: 960px) 100vw, 960px\" \/>\t\t\t\t\t\t\t\t\t\t\t\t\t\t\t<\/div>\n\t\t\t\t<\/div>\n\t\t\t\t\t<\/div>\n\t\t\t\t<\/div>\n\t\t\t\t\t<\/div>\n\t\t\t\t<\/div>\n\t\t\t\t<\/div>\n\t\t","protected":false},"excerpt":{"rendered":"<p>ABCservis s.r.o. Na\u0161a ponuka asfalty ru\u010dn\u00e1 pokl\u00e1dka opravy parkov\u00edsk\u00a0 povrchov vyspr\u00e1vky v\u00fdtlky na cest\u00e1ch opravy v\u00fdtlkov rezanie \u0161p\u00e1r fr\u00e9zovanie a zalievanie dilata\u010dn\u00fdch \u0161p\u00e1r zalievanie praskl\u00edn v asfalte zalievanie bet\u00f3nov\u00fdch \u0161p\u00e1r opravy v\u00fd\u0161ky kanaliza\u010dn\u00fdch poklopov a vpust\u00ed predaj z\u00e1lievok predaj z\u00e1lievkov\u00fdch materi\u00e1lov rezanie asfaltu rezanie bet\u00f3nu n\u00e1kladn\u00e1 autodoprava s hydraulicou rukou doprava do 1,5 t s vykl\u00e1pa\u010dom predaj \u0161trkov predaj pieskov predaj homoku \u00a0 b\u00faracie pr\u00e1ce v\u00fdkopov\u00e9 pr\u00e1ce s bagrom Kubota KX41, z\u00e1klady, odvod\u0148ovacie r\u00fdhy&#8230;. zemn\u00e9\u00a0 pr\u00e1ce v\u00fdkopy kanaliz\u00e1cie predaj dunajsk\u00e9ho \u0161trku zemn\u00e9 pretlaky s pneumatick\u00fdm kladivom do 100 mm neriaden\u00fd pretlak pretlaky popod cesty a chodn\u00edky \u2013 penetra\u010dn\u00e9 n\u00e1tery predaj posypovej\u00a0 soli pokl\u00e1dka obrubn\u00edkov pr\u00e1ce so \u0161mykov\u00fdm naklada\u010dom<\/p>\n","protected":false},"author":1,"featured_media":0,"parent":0,"menu_order":0,"comment_status":"closed","ping_status":"closed","template":"elementor_canvas","meta":{"footnotes":""},"class_list":["post-231","page","type-page","status-publish","hentry"],"_links":{"self":[{"href":"https:\/\/www.abcservis.sk\/wp\/index.php?rest_route=\/wp\/v2\/pages\/231","targetHints":{"allow":["GET"]}}],"collection":[{"href":"https:\/\/www.abcservis.sk\/wp\/index.php?rest_route=\/wp\/v2\/pages"}],"about":[{"href":"https:\/\/www.abcservis.sk\/wp\/index.php?rest_route=\/wp\/v2\/types\/page"}],"author":[{"embeddable":true,"href":"https:\/\/www.abcservis.sk\/wp\/index.php?rest_route=\/wp\/v2\/users\/1"}],"replies":[{"embeddable":true,"href":"https:\/\/www.abcservis.sk\/wp\/index.php?rest_route=%2Fwp%2Fv2%2Fcomments&post=231"}],"version-history":[{"count":33,"href":"https:\/\/www.abcservis.sk\/wp\/index.php?rest_route=\/wp\/v2\/pages\/231\/revisions"}],"predecessor-version":[{"id":282,"href":"https:\/\/www.abcservis.sk\/wp\/index.php?rest_route=\/wp\/v2\/pages\/231\/revisions\/282"}],"wp:attachment":[{"href":"https:\/\/www.abcservis.sk\/wp\/index.php?rest_route=%2Fwp%2Fv2%2Fmedia&parent=231"}],"curies":[{"name":"wp","href":"https:\/\/api.w.org\/{rel}","templated":true}]}}